{"id":15912,"date":"2021-01-19T13:05:58","date_gmt":"2021-01-19T13:05:58","guid":{"rendered":"https:\/\/avalonplus.group\/?page_id=15912"},"modified":"2021-04-29T15:09:07","modified_gmt":"2021-04-29T15:09:07","slug":"o-kompanii","status":"publish","type":"page","link":"https:\/\/avalonplus.group\/et\/o-kompanii\/","title":{"rendered":"Firmast"},"content":{"rendered":"<div  class=\"wpb_row vc_row-fluid full-width-section section  section-no-parallax  stretch\" data-speed=\"1\" style=\"background-color: #212121; \"><div class=\"col span_12 color-dark left\">\n\t<div class=\"vc_col-sm-6 wpb_column column_container col vertical-center padding-10 color-dark\" style=\"\" data-animation=\"\" data-delay=\"\">\n\t\t<div class=\"wpb_wrapper\">\n\t\t\t<h2 class=\"headline font-inherit fontsize-m fontweight-700 lh-inherit align-left transform-inherit\" style=\"margin: 0 0 20px 0; color: #80ff4f;\">Firmast<\/h2>\n\t<div class=\"wpb_text_column wpb_content_element\" >\n\t\t<div class=\"wpb_wrapper\">\n\t\t\t<p>AVALONPLUS GROUP on ettev\u00f5te, mis pakub t\u00f6\u00f6tajaid meie partneritele Soomes, Eestis, Leedus, L\u00e4tis ja Saksamaal. Meie ettev\u00f5te asutati 2015. aastal, mis t\u00e4hendab, et t\u00f6\u00f6tame selles valdkonnas \u00fcle 6 aasta.<\/p>\n<p>Meie peakontor asub Tallinnas (Eesti) ja esindused Vilniuses (Leedu), Lahtis (Soome), Frankfurt am Mainis (Saksamaa).<\/p>\n<p>Meie peamine p\u00f5him\u00f5te on s\u00e4ilitada partneritega pikaajalised ja usaldusv\u00e4\u00e4rsed suhted ja seep\u00e4rast valime t\u00f6\u00f6tajaid v\u00e4ga hoolikalt ning p\u00fc\u00fcame leida ainult k\u00f5rge kvalifikatsiooniga spetsialiste.<\/p>\n\n\t\t<\/div>\n\t<\/div>\n\n\t\t<\/div> \n\t<\/div> \n\n\t<div class=\"vc_col-sm-6 wpb_column column_container col vertical-center no-padding color-dark\" style=\"background-image: url(https:\/\/avalonplus.group\/wp-content\/uploads\/2021\/04\/business-people-with-digital-tablet-blueprint-scaled.jpg); \" data-animation=\"\" data-delay=\"\">\n\t\t<div class=\"wpb_wrapper\">\n\t\t\t<div class=\"vc_empty_space\"   style=\"height: 600px\"><span class=\"vc_empty_space_inner\"><\/span><\/div>\n\t\t<\/div> \n\t<\/div> \n<\/div><\/div><div  class=\"wpb_row vc_row-fluid full-width-section section  section-no-parallax  stretch   vc_row-o-full-height  vc_row-o-content-middle\" data-speed=\"1\" style=\"background-color: #212121; \"><div class=\"col span_12 color-dark left\">\n\t<div class=\"vc_col-sm-6 wpb_column column_container col vertical-center no-padding color-dark\" style=\"background-image: url(https:\/\/avalonplus.group\/wp-content\/uploads\/2021\/04\/group-people-working-out-business-plan-office-scaled.jpg); \" data-animation=\"\" data-delay=\"\">\n\t\t<div class=\"wpb_wrapper\">\n\t\t\t\n\t\t<\/div> \n\t<\/div> \n\n\t<div class=\"vc_col-sm-6 wpb_column column_container col vertical-center padding-6 color-dark\" style=\"\" data-animation=\"\" data-delay=\"\">\n\t\t<div class=\"wpb_wrapper\">\n\t\t\t<h2 class=\"headline font-inherit fontsize-m fontweight-700 lh-inherit align-left transform-inherit\" style=\"margin: 0 0 20px 0; color: #80ff4f;\">Meie missioon:<\/h2>\n\t<div class=\"wpb_text_column wpb_content_element\" >\n\t\t<div class=\"wpb_wrapper\">\n\t\t\t<p>Aidata kaasa partnerettev\u00f5tte edukale arengule, osutades professionaalseid teenuseid.<\/p>\n<p>Pakkuda professionaalidele v\u00f5imalust rakendada oma teadmisi ja oskusi edukalt parimates ettev\u00f5tetes.<\/p>\n<p>V\u00e4\u00e4rtustame pikaajalist koost\u00f6\u00f6d oma partneritega, mis on rajatud usaldusele, aususele ja professionaalsusele.<\/p>\n<p>Vastutame oma t\u00f6\u00f6 tulemuste eest, pakkudes kindlaid garantiisid. Parandame pidevalt oma teenuste kvaliteeti ja v\u00f5tame kasutusele uusi tehnoloogiaid.<\/p>\n\n\t\t<\/div>\n\t<\/div>\n<h2 class=\"headline font-inherit fontsize-m fontweight-700 lh-inherit align-left transform-inherit\" style=\"margin: 0 0 20px 0; color: #80ff4f;\">Meie klient:<\/h2>\n\t<div class=\"wpb_text_column wpb_content_element\" >\n\t\t<div class=\"wpb_wrapper\">\n\t\t\t<p>T\u00f6\u00f6andjaettev\u00f5te, mis soovib kiiresti ja t\u00f5husalt t\u00f6\u00f6tajat leida.<\/p>\n\n\t\t<\/div>\n\t<\/div>\n<h2 class=\"headline font-inherit fontsize-m fontweight-700 lh-inherit align-left transform-inherit\" style=\"margin: 0 0 20px 0; color: #80ff4f;\">Meie t\u00f6\u00f6 tulemus:<\/h2>\n\t<div class=\"wpb_text_column wpb_content_element\" >\n\t\t<div class=\"wpb_wrapper\">\n\t\t\t<p>Meie t\u00f6\u00f6ga rahulolev tellija.<\/p>\n<p>Ta sai vajaliku t\u00f6\u00f6taja \u00f5igeaegselt ja on tulevikus valmis meiega pikaajaliseks koost\u00f6\u00f6ks.<\/p>\n\n\t\t<\/div>\n\t<\/div>\n<h2 class=\"headline font-inherit fontsize-m fontweight-700 lh-inherit align-left transform-inherit\" style=\"margin: 0 0 20px 0; color: #80ff4f;\">T\u00f6\u00f6andjaettev\u00f5ttes t\u00f5husalt t\u00f6\u00f6tav t\u00f6\u00f6taja.<\/h2>\n\t<div class=\"wpb_text_column wpb_content_element\" >\n\t\t<div class=\"wpb_wrapper\">\n\t\t\t<p>See t\u00f6\u00f6taja on t\u00f6\u00f6j\u00f5ub\u00fcroo AvalonPlus Group kandidaat. Ta on katseaja edukalt l\u00e4binud, oma t\u00f6\u00f6ga rahul, keskendunud tulemustele ja soovib partnerettev\u00f5ttesse pikaks ajaks t\u00f6\u00f6le j\u00e4\u00e4da.<\/p>\n\n\t\t<\/div>\n\t<\/div>\n\n\t\t<\/div> \n\t<\/div> \n<\/div><\/div>","protected":false},"excerpt":{"rendered":"\u041e \u043a\u043e\u043c\u043f\u0430\u043d\u0438\u0438 AVALONPLUS GROUP\u00a0\u2014 \u044d\u0442\u043e \u043a\u043e\u043c\u043f\u0430\u043d\u0438\u044f, \u043a\u043e\u0442\u043e\u0440\u0430\u044f \u043f\u0440\u0435\u0434\u043e\u0441\u0442\u0430\u0432\u043b\u044f\u0435\u0442 \u0447\u0435\u043b\u043e\u0432\u0435\u0447\u0435\u0441\u043a\u0438\u0435 \u0440\u0435\u0441\u0443\u0440\u0441\u044b \u043d\u0430\u0448\u0438\u043c \u043f\u0430\u0440\u0442\u043d\u0435\u0440\u0430\u043c \u0438\u0437 \u0424\u0438\u043d\u043b\u044f\u043d\u0434\u0438\u0438, \u042d\u0441\u0442\u043e\u043d\u0438\u0438, \u041b\u0438\u0442\u0432\u044b, \u041b\u0430\u0442\u0432\u0438\u0438 \u0438 \u0413\u0435\u0440\u043c\u0430\u043d\u0438\u0438 c 2015 \u0433\u043e\u0434\u0430, \u0430 \u044d\u0442\u043e \u0437\u043d\u0430\u0447\u0438\u0442, \u0447\u0442\u043e \u043c\u044b \u0440\u0430\u0431\u043e\u0442\u0430\u0435\u043c \u0432 \u044d\u0442\u043e\u0439 \u0441\u0444\u0435\u0440\u0435 \u0431\u043e\u043b\u0435\u0435 6 \u043b\u0435\u0442. \u041d\u0430\u0448 \u0433\u043b\u0430\u0432\u043d\u044b\u0439 \u043e\u0444\u0438\u0441 \u043d\u0430\u0445\u043e\u0434\u0438\u0442\u0441\u044f \u0432 \u0422\u0430\u043b\u043b\u0438\u043d\u043d\u0435 (\u042d\u0441\u0442\u043e\u043d\u0438\u044f). \u041d\u0430\u0448\u0438 \u043f\u0440\u0435\u0434\u0441\u0442\u0430\u0432\u0438\u0442\u0435\u043b\u044c\u0441\u0442\u0432\u0430 \u043d\u0430\u0445\u043e\u0434\u044f\u0442\u0441\u044f \u0432 \u0412\u0438\u043b\u044c\u043d\u044e\u0441\u0435 (\u041b\u0438\u0442\u0432\u0430),\u00a0\u0432 \u041b\u0430\u0445\u0442\u0438 (\u0424\u0438\u043d\u043b\u044f\u043d\u0434\u0438\u044f), \u0424\u0440\u0430\u043d\u043a\u0444\u0443\u0440\u0442-\u043d\u0430-\u041c\u0430\u0439\u043d\u0435 (\u0413\u0435\u0440\u043c\u0430\u043d\u0438\u044f). \u041d\u0430\u0448 \u0433\u043b\u0430\u0432\u043d\u044b\u0439 \u043f\u0440\u0438\u043d\u0446\u0438\u043f \u2014 \u043f\u043e\u0434\u0434\u0435\u0440\u0436\u0430\u043d\u0438\u0435 \u0434\u043e\u043b\u0433\u043e\u0441\u0440\u043e\u0447\u043d\u044b\u0445 \u0438 \u0434\u043e\u0432\u0435\u0440\u0438\u0442\u0435\u043b\u044c\u043d\u044b\u0445 \u043e\u0442\u043d\u043e\u0448\u0435\u043d\u0438\u0439 \u0441 \u043f\u0430\u0440\u0442\u043d\u0435\u0440\u0430\u043c\u0438, \u0432 \u0441\u0432\u044f\u0437\u0438 \u0441 \u044d\u0442\u0438\u043c \u043c\u044b \u043e\u0447\u0435\u043d\u044c \u0442\u0449\u0430\u0442\u0435\u043b\u044c\u043d\u043e \u043f\u043e\u0434\u0431\u0438\u0440\u0430\u0435\u043c \u043f\u0435\u0440\u0441\u043e\u043d\u0430\u043b \u0438 \u0441\u0442\u0430\u0440\u0430\u0435\u043c\u0441\u044f \u043e\u0442\u0431\u0438\u0440\u0430\u0442\u044c \u0442\u043e\u043b\u044c\u043a\u043e \u0432\u044b\u0441\u043e\u043a\u043e\u043a\u0432\u0430\u043b\u0438\u0444\u0438\u0446\u0438\u0440\u043e\u0432\u0430\u043d\u043d\u044b\u0445 \u0441\u043f\u0435\u0446\u0438\u0430\u043b\u0438\u0441\u0442\u043e\u0432. \u041d\u0430\u0448\u0430 \u043c\u0438\u0441\u0441\u0438\u044f: \u0421\u043f\u043e\u0441\u043e\u0431\u0441\u0442\u0432\u043e\u0432\u0430\u0442\u044c \u0443\u0441\u043f\u0435\u0448\u043d\u043e\u043c\u0443 \u0440\u0430\u0437\u0432\u0438\u0442\u0438\u044e \u0431\u0438\u0437\u043d\u0435\u0441\u0430 \u043f\u0430\u0440\u0442\u043d\u0451\u0440\u0430 \u043f\u0443\u0442\u0435\u043c \u043e\u043a\u0430\u0437\u0430\u043d\u0438\u044f \u043f\u0440\u043e\u0444\u0435\u0441\u0441\u0438\u043e\u043d\u0430\u043b\u044c\u043d\u044b\u0445 \u0443\u0441\u043b\u0443\u0433. \u041f\u0440\u0435\u0434\u043e\u0441\u0442\u0430\u0432\u043b\u044f\u0442\u044c \u0432\u043e\u0437\u043c\u043e\u0436\u043d\u043e\u0441\u0442\u044c \u043f\u0440\u043e\u0444\u0435\u0441\u0441\u0438\u043e\u043d\u0430\u043b\u0430\u043c \u0443\u0441\u043f\u0435\u0448\u043d\u043e \u0440\u0435\u0430\u043b\u0438\u0437\u043e\u0432\u044b\u0432\u0430\u0442\u044c \u0441\u0432\u043e\u0438 \u0437\u043d\u0430\u043d\u0438\u044f \u0438 \u043d\u0430\u0432\u044b\u043a\u0438 \u0432 \u043b\u0443\u0447\u0448\u0438\u0445 \u043a\u043e\u043c\u043f\u0430\u043d\u0438\u044f\u0445. \u041c\u044b \u0446\u0435\u043d\u0438\u043c \u0434\u043e\u043b\u0433\u043e\u0441\u0440\u043e\u0447\u043d\u043e\u0435 \u0441\u043e\u0442\u0440\u0443\u0434\u043d\u0438\u0447\u0435\u0441\u0442\u0432\u043e \u0441 \u043d\u0430\u0448\u0438\u043c\u0438 \u043f\u0430\u0440\u0442\u043d\u0435\u0440\u0430\u043c\u0438, \u043e\u0441\u043d\u043e\u0432\u0430\u043d\u043d\u043e\u0435 \u043d\u0430 \u0434\u043e\u0432\u0435\u0440\u0438\u0438 \u0447\u0435\u0441\u0442\u043d\u043e\u0441\u0442\u0438 \u0438 \u043f\u0440\u043e\u0444\u0435\u0441\u0441\u0438\u043e\u043d\u0430\u043b\u0438\u0437\u043c\u0435. \u041d\u0435\u0441\u0435\u043c \u043e\u0442\u0432\u0435\u0442\u0441\u0442\u0432\u0435\u043d\u043d\u043e\u0441\u0442\u044c \u0437\u0430 \u0440\u0435\u0437\u0443\u043b\u044c\u0442\u0430\u0442\u044b \u043d\u0430\u0448\u0435\u0439 \u0440\u0430\u0431\u043e\u0442\u044b, \u043f\u0440\u0435\u0434\u043e\u0441\u0442\u0430\u0432\u043b\u044f\u044f \u0443\u0432\u0435\u043b\u0438\u0447\u0435\u043d\u043d\u044b\u0435 \u0433\u0430\u0440\u0430\u043d\u0442\u0438\u0438. \u041f\u043e\u0441\u0442\u043e\u044f\u043d\u043d\u043e \u0441\u043e\u0432\u0435\u0440\u0448\u0435\u043d\u0441\u0442\u0432\u0443\u0435\u043c \u043a\u0430\u0447\u0435\u0441\u0442\u0432\u043e \u043d\u0430\u0448\u0438\u0445 \u0443\u0441\u043b\u0443\u0433 \u0438 \u043f\u0440\u0438\u043c\u0435\u043d\u044f\u0435\u043c\u044b\u0435 \u043d\u043e\u0432\u044b\u0435 \u0442\u0435\u0445\u043d\u043e\u043b\u043e\u0433\u0438\u0438. \u041d\u0430\u0448 \u043a\u043b\u0438\u0435\u043d\u0442: \u041a\u043e\u043c\u043f\u0430\u043d\u0438\u044f-\u0440\u0430\u0431\u043e\u0442\u043e\u0434\u0430\u0442\u0435\u043b\u044c, \u0436\u0435\u043b\u0430\u044e\u0449\u0430\u044f \u0431\u044b\u0441\u0442\u0440\u043e \u0438 \u044d\u0444\u0444\u0435\u043a\u0442\u0438\u0432\u043d\u043e \u043d\u0430\u0439\u0442\u0438 \u0441\u043e\u0442\u0440\u0443\u0434\u043d\u0438\u043a\u0430. \u0420\u0435\u0437\u0443\u043b\u044c\u0442\u0430\u0442 \u043d\u0430\u0448\u0435\u0439 \u0440\u0430\u0431\u043e\u0442\u044b: \u0414\u043e\u0432\u043e\u043b\u044c\u043d\u044b\u0439 \u043d\u0430\u0448\u0435\u0439 \u0440\u0430\u0431\u043e\u0442\u043e\u0439 \u0437\u0430\u043a\u0430\u0437\u0447\u0438\u043a. \u041e\u043d \u0441\u0432\u043e\u0435\u0432\u0440\u0435\u043c\u0435\u043d\u043d\u043e \u043f\u043e\u043b\u0443\u0447\u0438\u043b \u043d\u0443\u0436\u043d\u043e\u0433\u043e \u0435\u043c\u0443 \u0441\u043e\u0442\u0440\u0443\u0434\u043d\u0438\u043a\u0430 \u0438 \u0433\u043e\u0442\u043e\u0432 \u043a \u0434\u043e\u043b\u0433\u043e\u0441\u0440\u043e\u0447\u043d\u043e\u043c\u0443 \u0441\u043e\u0442\u0440\u0443\u0434\u043d\u0438\u0447\u0435\u0441\u0442\u0432\u0443 \u0441 \u043d\u0430\u043c\u0438 \u0432 \u0434\u0430\u043b\u044c\u043d\u0435\u0439\u0448\u0435\u043c. \u042d\u0444\u0444\u0435\u043a\u0442\u0438\u0432\u043d\u043e \u0440\u0430\u0431\u043e\u0442\u0430\u044e\u0449\u0438\u0439 \u0432 \u043a\u043e\u043c\u043f\u0430\u043d\u0438\u0438-\u0437\u0430\u043a\u0430\u0437\u0447\u0438\u043a\u0435 \u0441\u043e\u0442\u0440\u0443\u0434\u043d\u0438\u043a. \u0414\u0430\u043d\u043d\u044b\u0439 \u0441\u043e\u0442\u0440\u0443\u0434\u043d\u0438\u043a \u2013 \u043a\u0430\u043d\u0434\u0438\u0434\u0430\u0442 \u043a\u0430\u0434\u0440\u043e\u0432\u043e\u0433\u043e \u0430\u0433\u0435\u043d\u0442\u0441\u0442\u0432\u0430 AvalonPlus Group. \u041e\u043d \u0443\u0441\u043f\u0435\u0448\u043d\u043e \u043f\u0440\u043e\u0448\u0451\u043b \u0438\u0441\u043f\u044b\u0442\u0430\u0442\u0435\u043b\u044c\u043d\u044b\u0439 \u0441\u0440\u043e\u043a, \u0434\u043e\u0432\u043e\u043b\u0435\u043d \u0441\u0432\u043e\u0435\u0439 \u0440\u0430\u0431\u043e\u0442\u043e\u0439, \u043d\u0430\u0446\u0435\u043b\u0435\u043d \u043d\u0430 \u0440\u0435\u0437\u0443\u043b\u044c\u0442\u0430\u0442 \u0438 \u0438\u043c\u0435\u0435\u0442 \u0436\u0435\u043b\u0430\u043d\u0438\u0435 \u0440\u0430\u0431\u043e\u0442\u0430\u0442\u044c \u0432 \u043a\u043e\u043c\u043f\u0430\u043d\u0438\u0438-\u043f\u0430\u0440\u0442\u043d\u0435\u0440\u0435 \u0434\u043b\u0438\u0442\u0435\u043b\u044c\u043d\u043e\u0435 \u0432\u0440\u0435\u043c\u044f.","protected":false},"author":1,"featured_media":15539,"parent":0,"menu_order":0,"comment_status":"closed","ping_status":"open","template":"","meta":{"footnotes":""},"class_list":["post-15912","page","type-page","status-publish","has-post-thumbnail","hentry"],"yoast_head":"<!-- This site is optimized with the Yoast SEO plugin v22.8 - https:\/\/yoast.com\/wordpress\/plugins\/seo\/ -->\n<title>\u041e \u043a\u043e\u043c\u043f\u0430\u043d\u0438\u0438 - AvalonPlus Group<\/title>\n<meta name=\"description\" content=\"We save your time. We are an intermediary between your company and job seekers. Use our services and minimize the risk of hiring employees who do not meet your requirements.\" \/>\n<meta name=\"robots\" content=\"index, follow, max-snippet:-1, max-image-preview:large, max-video-preview:-1\" \/>\n<link rel=\"canonical\" href=\"https:\/\/avalonplus.group\/et\/o-kompanii\/\" \/>\n<meta property=\"og:locale\" content=\"et_EE\" \/>\n<meta property=\"og:type\" content=\"article\" \/>\n<meta property=\"og:title\" content=\"\u041e \u043a\u043e\u043c\u043f\u0430\u043d\u0438\u0438 - AvalonPlus Group\" \/>\n<meta property=\"og:description\" content=\"We save your time. We are an intermediary between your company and job seekers. Use our services and minimize the risk of hiring employees who do not meet your requirements.\" \/>\n<meta property=\"og:url\" content=\"https:\/\/avalonplus.group\/et\/o-kompanii\/\" \/>\n<meta property=\"og:site_name\" content=\"AvalonPlus Group\" \/>\n<meta property=\"article:modified_time\" content=\"2021-04-29T15:09:07+00:00\" \/>\n<meta property=\"og:image\" content=\"https:\/\/avalonplus.group\/wp-content\/uploads\/2020\/06\/3518442\u0432-1-scaled.jpg\" \/>\n\t<meta property=\"og:image:width\" content=\"2560\" \/>\n\t<meta property=\"og:image:height\" content=\"1174\" \/>\n\t<meta property=\"og:image:type\" content=\"image\/jpeg\" \/>\n<meta name=\"twitter:card\" content=\"summary_large_image\" \/>\n<meta name=\"twitter:label1\" content=\"Est. reading time\" \/>\n\t<meta name=\"twitter:data1\" content=\"2 minutit\" \/>\n<script type=\"application\/ld+json\" class=\"yoast-schema-graph\">{\"@context\":\"https:\/\/schema.org\",\"@graph\":[{\"@type\":\"WebPage\",\"@id\":\"https:\/\/avalonplus.group\/o-kompanii\/\",\"url\":\"https:\/\/avalonplus.group\/o-kompanii\/\",\"name\":\"\u041e \u043a\u043e\u043c\u043f\u0430\u043d\u0438\u0438 - AvalonPlus Group\",\"isPartOf\":{\"@id\":\"https:\/\/avalonplus.group\/#website\"},\"primaryImageOfPage\":{\"@id\":\"https:\/\/avalonplus.group\/o-kompanii\/#primaryimage\"},\"image\":{\"@id\":\"https:\/\/avalonplus.group\/o-kompanii\/#primaryimage\"},\"thumbnailUrl\":\"https:\/\/avalonplus.group\/wp-content\/uploads\/2020\/06\/3518442\u0432-1-scaled.jpg\",\"datePublished\":\"2021-01-19T13:05:58+00:00\",\"dateModified\":\"2021-04-29T15:09:07+00:00\",\"description\":\"We save your time. We are an intermediary between your company and job seekers. Use our services and minimize the risk of hiring employees who do not meet your requirements.\",\"breadcrumb\":{\"@id\":\"https:\/\/avalonplus.group\/o-kompanii\/#breadcrumb\"},\"inLanguage\":\"et\",\"potentialAction\":[{\"@type\":\"ReadAction\",\"target\":[\"https:\/\/avalonplus.group\/o-kompanii\/\"]}]},{\"@type\":\"ImageObject\",\"inLanguage\":\"et\",\"@id\":\"https:\/\/avalonplus.group\/o-kompanii\/#primaryimage\",\"url\":\"https:\/\/avalonplus.group\/wp-content\/uploads\/2020\/06\/3518442\u0432-1-scaled.jpg\",\"contentUrl\":\"https:\/\/avalonplus.group\/wp-content\/uploads\/2020\/06\/3518442\u0432-1-scaled.jpg\",\"width\":2560,\"height\":1174},{\"@type\":\"BreadcrumbList\",\"@id\":\"https:\/\/avalonplus.group\/o-kompanii\/#breadcrumb\",\"itemListElement\":[{\"@type\":\"ListItem\",\"position\":1,\"name\":\"\u0413\u043b\u0430\u0432\u043d\u0430\u044f \u0441\u0442\u0440\u0430\u043d\u0438\u0446\u0430\",\"item\":\"https:\/\/avalonplus.group\/\"},{\"@type\":\"ListItem\",\"position\":2,\"name\":\"\u041e \u043a\u043e\u043c\u043f\u0430\u043d\u0438\u0438\"}]},{\"@type\":\"WebSite\",\"@id\":\"https:\/\/avalonplus.group\/#website\",\"url\":\"https:\/\/avalonplus.group\/\",\"name\":\"AvalonPlus Group\",\"description\":\"Find workers abroad\",\"publisher\":{\"@id\":\"https:\/\/avalonplus.group\/#organization\"},\"potentialAction\":[{\"@type\":\"SearchAction\",\"target\":{\"@type\":\"EntryPoint\",\"urlTemplate\":\"https:\/\/avalonplus.group\/?s={search_term_string}\"},\"query-input\":\"required name=search_term_string\"}],\"inLanguage\":\"et\"},{\"@type\":\"Organization\",\"@id\":\"https:\/\/avalonplus.group\/#organization\",\"name\":\"EH Rent Stuff\",\"url\":\"https:\/\/avalonplus.group\/\",\"logo\":{\"@type\":\"ImageObject\",\"inLanguage\":\"et\",\"@id\":\"https:\/\/avalonplus.group\/#\/schema\/logo\/image\/\",\"url\":\"https:\/\/avalonplus.group\/wp-content\/uploads\/2020\/06\/\u0421\u043d\u0438\u043c\u043e\u043a-\u044d\u0430\u0443\u043a\u0440\u0430\u043d\u0430-2020-06-16-\u0432-14.12.31-3.png\",\"contentUrl\":\"https:\/\/avalonplus.group\/wp-content\/uploads\/2020\/06\/\u0421\u043d\u0438\u043c\u043e\u043a-\u044d\u0430\u0443\u043a\u0440\u0430\u043d\u0430-2020-06-16-\u0432-14.12.31-3.png\",\"width\":314,\"height\":50,\"caption\":\"EH Rent Stuff\"},\"image\":{\"@id\":\"https:\/\/avalonplus.group\/#\/schema\/logo\/image\/\"}}]}<\/script>\n<!-- \/ Yoast SEO plugin. -->","yoast_head_json":{"title":"\u041e \u043a\u043e\u043c\u043f\u0430\u043d\u0438\u0438 - AvalonPlus Group","description":"We save your time. We are an intermediary between your company and job seekers. Use our services and minimize the risk of hiring employees who do not meet your requirements.","robots":{"index":"index","follow":"follow","max-snippet":"max-snippet:-1","max-image-preview":"max-image-preview:large","max-video-preview":"max-video-preview:-1"},"canonical":"https:\/\/avalonplus.group\/et\/o-kompanii\/","og_locale":"et_EE","og_type":"article","og_title":"\u041e \u043a\u043e\u043c\u043f\u0430\u043d\u0438\u0438 - AvalonPlus Group","og_description":"We save your time. We are an intermediary between your company and job seekers. Use our services and minimize the risk of hiring employees who do not meet your requirements.","og_url":"https:\/\/avalonplus.group\/et\/o-kompanii\/","og_site_name":"AvalonPlus Group","article_modified_time":"2021-04-29T15:09:07+00:00","og_image":[{"width":2560,"height":1174,"url":"https:\/\/avalonplus.group\/wp-content\/uploads\/2020\/06\/3518442\u0432-1-scaled.jpg","type":"image\/jpeg"}],"twitter_card":"summary_large_image","twitter_misc":{"Est. reading time":"2 minutit"},"schema":{"@context":"https:\/\/schema.org","@graph":[{"@type":"WebPage","@id":"https:\/\/avalonplus.group\/o-kompanii\/","url":"https:\/\/avalonplus.group\/o-kompanii\/","name":"\u041e \u043a\u043e\u043c\u043f\u0430\u043d\u0438\u0438 - AvalonPlus Group","isPartOf":{"@id":"https:\/\/avalonplus.group\/#website"},"primaryImageOfPage":{"@id":"https:\/\/avalonplus.group\/o-kompanii\/#primaryimage"},"image":{"@id":"https:\/\/avalonplus.group\/o-kompanii\/#primaryimage"},"thumbnailUrl":"https:\/\/avalonplus.group\/wp-content\/uploads\/2020\/06\/3518442\u0432-1-scaled.jpg","datePublished":"2021-01-19T13:05:58+00:00","dateModified":"2021-04-29T15:09:07+00:00","description":"We save your time. We are an intermediary between your company and job seekers. Use our services and minimize the risk of hiring employees who do not meet your requirements.","breadcrumb":{"@id":"https:\/\/avalonplus.group\/o-kompanii\/#breadcrumb"},"inLanguage":"et","potentialAction":[{"@type":"ReadAction","target":["https:\/\/avalonplus.group\/o-kompanii\/"]}]},{"@type":"ImageObject","inLanguage":"et","@id":"https:\/\/avalonplus.group\/o-kompanii\/#primaryimage","url":"https:\/\/avalonplus.group\/wp-content\/uploads\/2020\/06\/3518442\u0432-1-scaled.jpg","contentUrl":"https:\/\/avalonplus.group\/wp-content\/uploads\/2020\/06\/3518442\u0432-1-scaled.jpg","width":2560,"height":1174},{"@type":"BreadcrumbList","@id":"https:\/\/avalonplus.group\/o-kompanii\/#breadcrumb","itemListElement":[{"@type":"ListItem","position":1,"name":"\u0413\u043b\u0430\u0432\u043d\u0430\u044f \u0441\u0442\u0440\u0430\u043d\u0438\u0446\u0430","item":"https:\/\/avalonplus.group\/"},{"@type":"ListItem","position":2,"name":"\u041e \u043a\u043e\u043c\u043f\u0430\u043d\u0438\u0438"}]},{"@type":"WebSite","@id":"https:\/\/avalonplus.group\/#website","url":"https:\/\/avalonplus.group\/","name":"AvalonPlus Group","description":"Find workers abroad","publisher":{"@id":"https:\/\/avalonplus.group\/#organization"},"potentialAction":[{"@type":"SearchAction","target":{"@type":"EntryPoint","urlTemplate":"https:\/\/avalonplus.group\/?s={search_term_string}"},"query-input":"required name=search_term_string"}],"inLanguage":"et"},{"@type":"Organization","@id":"https:\/\/avalonplus.group\/#organization","name":"EH Rent Stuff","url":"https:\/\/avalonplus.group\/","logo":{"@type":"ImageObject","inLanguage":"et","@id":"https:\/\/avalonplus.group\/#\/schema\/logo\/image\/","url":"https:\/\/avalonplus.group\/wp-content\/uploads\/2020\/06\/\u0421\u043d\u0438\u043c\u043e\u043a-\u044d\u0430\u0443\u043a\u0440\u0430\u043d\u0430-2020-06-16-\u0432-14.12.31-3.png","contentUrl":"https:\/\/avalonplus.group\/wp-content\/uploads\/2020\/06\/\u0421\u043d\u0438\u043c\u043e\u043a-\u044d\u0430\u0443\u043a\u0440\u0430\u043d\u0430-2020-06-16-\u0432-14.12.31-3.png","width":314,"height":50,"caption":"EH Rent Stuff"},"image":{"@id":"https:\/\/avalonplus.group\/#\/schema\/logo\/image\/"}}]}},"_links":{"self":[{"href":"https:\/\/avalonplus.group\/et\/wp-json\/wp\/v2\/pages\/15912","targetHints":{"allow":["GET"]}}],"collection":[{"href":"https:\/\/avalonplus.group\/et\/wp-json\/wp\/v2\/pages"}],"about":[{"href":"https:\/\/avalonplus.group\/et\/wp-json\/wp\/v2\/types\/page"}],"author":[{"embeddable":true,"href":"https:\/\/avalonplus.group\/et\/wp-json\/wp\/v2\/users\/1"}],"replies":[{"embeddable":true,"href":"https:\/\/avalonplus.group\/et\/wp-json\/wp\/v2\/comments?post=15912"}],"version-history":[{"count":0,"href":"https:\/\/avalonplus.group\/et\/wp-json\/wp\/v2\/pages\/15912\/revisions"}],"wp:featuredmedia":[{"embeddable":true,"href":"https:\/\/avalonplus.group\/et\/wp-json\/wp\/v2\/media\/15539"}],"wp:attachment":[{"href":"https:\/\/avalonplus.group\/et\/wp-json\/wp\/v2\/media?parent=15912"}],"curies":[{"name":"wp","href":"https:\/\/api.w.org\/{rel}","templated":true}]}}